{"id":1609,"date":"2021-09-27T17:25:35","date_gmt":"2021-09-27T14:25:35","guid":{"rendered":"https:\/\/www.ameliestudio.one\/Cursuri\/?page_id=1609"},"modified":"2022-02-11T12:00:23","modified_gmt":"2022-02-11T10:00:23","slug":"dashboard","status":"publish","type":"page","link":"https:\/\/www.ameliestudio.one\/Cursuri\/dashboard\/","title":{"rendered":"Panou de control"},"content":{"rendered":"Te rog <a data-login_url=\"\" href=\"#\" class=\"tutor-open-login-modal\">Autentific\u0103-te<\/a> pentru a vedea aceast\u0103 pagin\u0103","protected":false},"excerpt":{"rendered":"<p>Te rog Autentific\u0103-te pentru a vedea aceast\u0103 pagin\u0103<\/p>\n","protected":false},"author":2,"featured_media":0,"parent":0,"menu_order":0,"comment_status":"closed","ping_status":"closed","template":"","meta":{"_exactmetrics_skip_tracking":false,"_exactmetrics_sitenote_active":false,"_exactmetrics_sitenote_note":"","_exactmetrics_sitenote_category":0,"footnotes":""},"class_list":["post-1609","page","type-page","status-publish","hentry"],"_links":{"self":[{"href":"https:\/\/www.ameliestudio.one\/Cursuri\/wp-json\/wp\/v2\/pages\/1609","targetHints":{"allow":["GET"]}}],"collection":[{"href":"https:\/\/www.ameliestudio.one\/Cursuri\/wp-json\/wp\/v2\/pages"}],"about":[{"href":"https:\/\/www.ameliestudio.one\/Cursuri\/wp-json\/wp\/v2\/types\/page"}],"author":[{"embeddable":true,"href":"https:\/\/www.ameliestudio.one\/Cursuri\/wp-json\/wp\/v2\/users\/2"}],"replies":[{"embeddable":true,"href":"https:\/\/www.ameliestudio.one\/Cursuri\/wp-json\/wp\/v2\/comments?post=1609"}],"version-history":[{"count":4,"href":"https:\/\/www.ameliestudio.one\/Cursuri\/wp-json\/wp\/v2\/pages\/1609\/revisions"}],"predecessor-version":[{"id":2922,"href":"https:\/\/www.ameliestudio.one\/Cursuri\/wp-json\/wp\/v2\/pages\/1609\/revisions\/2922"}],"wp:attachment":[{"href":"https:\/\/www.ameliestudio.one\/Cursuri\/wp-json\/wp\/v2\/media?parent=1609"}],"curies":[{"name":"wp","href":"https:\/\/api.w.org\/{rel}","templated":true}]}}