{"id":21,"date":"2020-12-08T03:53:12","date_gmt":"2020-12-08T01:53:12","guid":{"rendered":"https:\/\/gaviaspreview.com\/wp\/zilom\/?page_id=21"},"modified":"2022-02-28T09:16:25","modified_gmt":"2022-02-28T07:16:25","slug":"despre-noi","status":"publish","type":"page","link":"https:\/\/www.ameliestudio.one\/Cursuri\/despre-noi\/","title":{"rendered":"Despre noi"},"content":{"rendered":"\t\t<div data-elementor-type=\"wp-page\" data-elementor-id=\"21\" class=\"elementor elementor-21\" data-elementor-post-type=\"page\">\n\t\t\t\t\t\t<section class=\"elementor-section elementor-top-section elementor-element elementor-element-cd20180 elementor-section-boxed elementor-section-height-default elementor-section-height-default row-top\" data-id=\"cd20180\" data-element_type=\"section\" data-e-type=\"section\">\n\t\t\t\t\t\t<div class=\"elementor-container elementor-column-gap-default\">\n\t\t\t\t\t<div class=\"elementor-column elementor-col-50 elementor-top-column elementor-element elementor-element-112e054 column-style-top\" data-id=\"112e054\" data-element_type=\"column\" data-e-type=\"column\">\n\t\t\t<div class=\"elementor-widget-wrap elementor-element-populated\">\n\t\t\t\t\t\t<div class=\"elementor-element elementor-element-2979408 elementor-widget elementor-widget-gva-logo\" data-id=\"2979408\" data-element_type=\"widget\" data-e-type=\"widget\" data-widget_type=\"gva-logo.default\">\n\t\t\t\t<div class=\"elementor-widget-container\">\n\t\t\t\t\t<div class=\"gva-element-gva-logo gva-element\">      \r\n  <div class=\"gsc-logo text-center\">\r\n    \r\n      <a class=\"site-branding-logo\" href=\"https:\/\/www.ameliestudio.one\/Cursuri\" title=\"Home\" rel=\"Home\">\r\n        <img decoding=\"async\" src=\"https:\/\/www.ameliestudio.one\/Cursuri\/wp-content\/uploads\/2020\/12\/logo-academie-amelie.png\" alt=\"Home\" \/>\r\n      <\/a>\r\n      <\/div>\r\n<\/div>\t\t\t\t<\/div>\n\t\t\t\t<\/div>\n\t\t\t\t<div class=\"elementor-element elementor-element-0c16406 elementor-widget elementor-widget-image\" data-id=\"0c16406\" data-element_type=\"widget\" data-e-type=\"widget\" data-widget_type=\"image.default\">\n\t\t\t\t<div class=\"elementor-widget-container\">\n\t\t\t\t\t\t\t\t\t\t\t\t\t\t\t<img fetchpriority=\"high\" decoding=\"async\" width=\"2560\" height=\"1709\" src=\"https:\/\/www.ameliestudio.one\/Cursuri\/wp-content\/uploads\/2017\/07\/Salon-Amelie-025-scaled.jpg\" class=\"attachment-full size-full wp-image-951\" alt=\"\" srcset=\"https:\/\/www.ameliestudio.one\/Cursuri\/wp-content\/uploads\/2017\/07\/Salon-Amelie-025-scaled.jpg 2560w, https:\/\/www.ameliestudio.one\/Cursuri\/wp-content\/uploads\/2017\/07\/Salon-Amelie-025-600x401.jpg 600w, https:\/\/www.ameliestudio.one\/Cursuri\/wp-content\/uploads\/2017\/07\/Salon-Amelie-025-300x200.jpg 300w, https:\/\/www.ameliestudio.one\/Cursuri\/wp-content\/uploads\/2017\/07\/Salon-Amelie-025-768x513.jpg 768w, https:\/\/www.ameliestudio.one\/Cursuri\/wp-content\/uploads\/2017\/07\/Salon-Amelie-025-1024x684.jpg 1024w\" sizes=\"(max-width: 2560px) 100vw, 2560px\" \/>\t\t\t\t\t\t\t\t\t\t\t\t\t\t\t<\/div>\n\t\t\t\t<\/div>\n\t\t\t\t\t<\/div>\n\t\t<\/div>\n\t\t\t\t<div class=\"elementor-column elementor-col-50 elementor-top-column elementor-element elementor-element-4be8df2 column-style-top\" data-id=\"4be8df2\" data-element_type=\"column\" data-e-type=\"column\">\n\t\t\t<div class=\"elementor-widget-wrap elementor-element-populated\">\n\t\t\t\t\t\t<div class=\"elementor-element elementor-element-08616f1 elementor-widget elementor-widget-text-editor\" data-id=\"08616f1\" data-element_type=\"widget\" data-e-type=\"widget\" data-widget_type=\"text-editor.default\">\n\t\t\t\t<div class=\"elementor-widget-container\">\n\t\t\t\t\t\t\t\t\t<p>\u00a0 \u00a0 \u00a0Vrei s\u0103 profesezi \u00een domeniul <strong>beauty<\/strong> \u0219i nu \u0219tii nimic despre cursuri? <br \/>\u00a0 \u00a0 \u00a0Cursurile se adreseaz\u0103 persoanelor care sunt interesate s\u0103 lucreze \u00eentr-un salon de \u00eenfrumuse\u021bare, persoanelor care doresc s\u0103-\u0219i deschid\u0103 propria afacere \u00een acest domeniu \u0219i nu \u00een ultimul r\u00e2nd celor interesate de \u00eengrijirea proprie la un nivel avansat de exigen\u021b\u0103.<br \/>\u00a0 \u00a0 \u00a0Aceste cursuri \u00eembin\u0103 \u00eentr-un mod armonios <strong>teoria<\/strong> \u015fi <strong>practica<\/strong>, cursan\u0163ii av\u00e2nd posibilitatea de a aplica ceea ce \u00eenva\u0163\u0103 \u00een mod teoretic, ceea ce \u00eei ajut\u0103 la sedimentarea cuno\u015ftin\u0163elor.<br \/>\u00a0 \u00a0 \u00a0Dup\u0103 terminarea oric\u0103rui curs, vei beneficia de o <strong>diplom\u0103<\/strong> care va contribui la perfec\u021bionarea ta \u00een domeniul <strong>beauty<\/strong>.<br \/>\u00a0 \u00a0 \u00a0Nu uita s\u0103: Fii mereu la curent cu posibilit\u0103\u021bile de <strong>formare profesional\u0103!<\/strong><\/p>\t\t\t\t\t\t\t\t<\/div>\n\t\t\t\t<\/div>\n\t\t\t\t\t<\/div>\n\t\t<\/div>\n\t\t\t\t\t<\/div>\n\t\t<\/section>\n\t\t\t\t<section class=\"elementor-section elementor-top-section elementor-element elementor-element-3863455 elementor-section-boxed elementor-section-height-default elementor-section-height-default row-top\" data-id=\"3863455\" data-element_type=\"section\" data-e-type=\"section\" data-settings=\"{&quot;background_background&quot;:&quot;classic&quot;}\">\n\t\t\t\t\t\t<div class=\"elementor-container elementor-column-gap-default\">\n\t\t\t\t\t<div class=\"elementor-column elementor-col-100 elementor-top-column elementor-element elementor-element-2a90e90 column-style-top\" data-id=\"2a90e90\" data-element_type=\"column\" data-e-type=\"column\">\n\t\t\t<div class=\"elementor-widget-wrap elementor-element-populated\">\n\t\t\t\t\t\t<div class=\"elementor-element elementor-element-58b5494 elementor-widget elementor-widget-text-editor\" data-id=\"58b5494\" data-element_type=\"widget\" data-e-type=\"widget\" data-widget_type=\"text-editor.default\">\n\t\t\t\t<div class=\"elementor-widget-container\">\n\t\t\t\t\t\t\t\t\t<a href=\"tel: 0728 625 567\" class=\"cta-desprenoi\">Sun\u0103 acum pentru a afla toate detaliile legate de \u00eenscrieri \u0219i planul cursurilor noastre!<\/a>\t\t\t\t\t\t\t\t<\/div>\n\t\t\t\t<\/div>\n\t\t\t\t\t<\/div>\n\t\t<\/div>\n\t\t\t\t\t<\/div>\n\t\t<\/section>\n\t\t\t\t<section class=\"elementor-section elementor-top-section elementor-element elementor-element-cfe9709 elementor-section-boxed elementor-section-height-default elementor-section-height-default\" data-id=\"cfe9709\" data-element_type=\"section\" data-e-type=\"section\" data-settings=\"{&quot;background_background&quot;:&quot;classic&quot;}\">\n\t\t\t\t\t\t\t<div class=\"elementor-background-overlay\"><\/div>\n\t\t\t\t\t\t\t<div class=\"elementor-container elementor-column-gap-extended\">\n\t\t\t\t\t<div class=\"elementor-column elementor-col-50 elementor-top-column elementor-element elementor-element-b600727 column-style-top\" data-id=\"b600727\" data-element_type=\"column\" data-e-type=\"column\">\n\t\t\t<div class=\"elementor-widget-wrap elementor-element-populated\">\n\t\t\t\t\t\t<div class=\"elementor-element elementor-element-f690b7b elementor-widget elementor-widget-text-editor\" data-id=\"f690b7b\" data-element_type=\"widget\" data-e-type=\"widget\" data-widget_type=\"text-editor.default\">\n\t\t\t\t<div class=\"elementor-widget-container\">\n\t\t\t\t\t\t\t\t\t<p>Experien\u0163a e cel mai dur profesor, pentru c\u0103 mai \u00eent\u00e2i \u00ee\u0163i d\u0103 testul \u015fi apoi \u00ee\u0163i spune care este lec\u0163ia.\u00a0<\/p><p>Sunt Gabriela Stoian, trainerul \u0219i fondatorul Academiei de coafor Hair Fashion Amelie&#8217;studio, cu peste 20 ani de experien\u021b\u0103 \u00een domeniul beauty!<\/p><p>Misiunea mea e s\u0103 ajut persoanele ce \u00ee\u0219i doresc o cariera \u00een domeniul frumuse\u021bii s\u0103 \u00een\u021beleag\u0103 c\u0103 este o meserie ce se face din pasiune, s\u0103 ar\u0103t fiec\u0103ruia \u00een modul lui ca s\u0103 \u00een\u021beleag\u0103 c\u0103 se poate \u0219i s\u0103 livrez informa\u021bii de calitate.<\/p><p>Cred c\u0103 punctele mele forte sunt r\u0103bdarea, pasiunea \u0219i modul eficient de a explica, f\u0103r\u0103 discu\u021bii lungi \u0219i tehnice. De asemenea, aduc partea uman\u0103 prin multe exemple legate de via\u021ba de zi cu zi \u0219i lucrurile care se \u00eent\u00e2mpl\u0103 \u00een saloane.<\/p>\t\t\t\t\t\t\t\t<\/div>\n\t\t\t\t<\/div>\n\t\t\t\t\t<\/div>\n\t\t<\/div>\n\t\t\t\t<div class=\"elementor-column elementor-col-50 elementor-top-column elementor-element elementor-element-aa33cca elementor-hidden-tablet column-style-top\" data-id=\"aa33cca\" data-element_type=\"column\" data-e-type=\"column\" data-settings=\"{&quot;background_background&quot;:&quot;slideshow&quot;,&quot;background_slideshow_gallery&quot;:[{&quot;id&quot;:1426,&quot;url&quot;:&quot;https:\\\/\\\/www.ameliestudio.one\\\/Cursuri\\\/wp-content\\\/uploads\\\/2017\\\/07\\\/WhatsApp-Image-2021-04-16-at-11.37.50-2.jpeg&quot;},{&quot;id&quot;:2041,&quot;url&quot;:&quot;https:\\\/\\\/www.ameliestudio.one\\\/Cursuri\\\/wp-content\\\/uploads\\\/2021\\\/09\\\/top-saloane-de-manichiura.jpg&quot;},{&quot;id&quot;:1434,&quot;url&quot;:&quot;https:\\\/\\\/www.ameliestudio.one\\\/Cursuri\\\/wp-content\\\/uploads\\\/2017\\\/07\\\/WhatsApp-Image-2020-09-25-at-10.43.15-2.jpeg&quot;},{&quot;id&quot;:1425,&quot;url&quot;:&quot;https:\\\/\\\/www.ameliestudio.one\\\/Cursuri\\\/wp-content\\\/uploads\\\/2017\\\/07\\\/WhatsApp-Image-2021-04-16-at-11.35.58-2.jpeg&quot;},{&quot;id&quot;:1513,&quot;url&quot;:&quot;https:\\\/\\\/www.ameliestudio.one\\\/Cursuri\\\/wp-content\\\/uploads\\\/2021\\\/06\\\/beauty-portrait-calm-ginger-woman-with-long-hair-looking-away-posing-sideways-while-combing-her-eyebrows-with-brush.jpg&quot;},{&quot;id&quot;:1428,&quot;url&quot;:&quot;https:\\\/\\\/www.ameliestudio.one\\\/Cursuri\\\/wp-content\\\/uploads\\\/2017\\\/07\\\/WhatsApp-Image-2021-04-16-at-11.39.01-4.jpeg&quot;}],&quot;background_slideshow_ken_burns&quot;:&quot;yes&quot;,&quot;background_slideshow_ken_burns_zoom_direction&quot;:&quot;out&quot;,&quot;background_slideshow_loop&quot;:&quot;yes&quot;,&quot;background_slideshow_slide_duration&quot;:5000,&quot;background_slideshow_slide_transition&quot;:&quot;fade&quot;,&quot;background_slideshow_transition_duration&quot;:500}\">\n\t\t\t<div class=\"elementor-widget-wrap elementor-element-populated\">\n\t\t\t\t\t\t<div class=\"elementor-element elementor-element-687162f elementor-hidden-desktop elementor-widget elementor-widget-spacer\" data-id=\"687162f\" data-element_type=\"widget\" data-e-type=\"widget\" data-widget_type=\"spacer.default\">\n\t\t\t\t<div class=\"elementor-widget-container\">\n\t\t\t\t\t\t\t<div class=\"elementor-spacer\">\n\t\t\t<div class=\"elementor-spacer-inner\"><\/div>\n\t\t<\/div>\n\t\t\t\t\t\t<\/div>\n\t\t\t\t<\/div>\n\t\t\t\t\t<\/div>\n\t\t<\/div>\n\t\t\t\t\t<\/div>\n\t\t<\/section>\n\t\t\t\t<\/div>\n\t\t","protected":false},"excerpt":{"rendered":"<p>\u00a0 \u00a0 \u00a0Vrei s\u0103 profesezi \u00een domeniul beauty \u0219i nu \u0219tii nimic despre cursuri? \u00a0 \u00a0 \u00a0Cursurile se adreseaz\u0103 persoanelor care sunt interesate s\u0103 lucreze \u00eentr-un salon de \u00eenfrumuse\u021bare, persoanelor care doresc s\u0103-\u0219i deschid\u0103 propria afacere \u00een acest domeniu \u0219i nu \u00een ultimul r\u00e2nd celor interesate de \u00eengrijirea proprie la un nivel avansat de exigen\u021b\u0103.\u00a0 [&hellip;]<\/p>\n","protected":false},"author":2,"featured_media":0,"parent":0,"menu_order":0,"comment_status":"closed","ping_status":"closed","template":"","meta":{"_exactmetrics_skip_tracking":false,"_exactmetrics_sitenote_active":false,"_exactmetrics_sitenote_note":"","_exactmetrics_sitenote_category":0,"footnotes":""},"class_list":["post-21","page","type-page","status-publish","hentry"],"_links":{"self":[{"href":"https:\/\/www.ameliestudio.one\/Cursuri\/wp-json\/wp\/v2\/pages\/21","targetHints":{"allow":["GET"]}}],"collection":[{"href":"https:\/\/www.ameliestudio.one\/Cursuri\/wp-json\/wp\/v2\/pages"}],"about":[{"href":"https:\/\/www.ameliestudio.one\/Cursuri\/wp-json\/wp\/v2\/types\/page"}],"author":[{"embeddable":true,"href":"https:\/\/www.ameliestudio.one\/Cursuri\/wp-json\/wp\/v2\/users\/2"}],"replies":[{"embeddable":true,"href":"https:\/\/www.ameliestudio.one\/Cursuri\/wp-json\/wp\/v2\/comments?post=21"}],"version-history":[{"count":76,"href":"https:\/\/www.ameliestudio.one\/Cursuri\/wp-json\/wp\/v2\/pages\/21\/revisions"}],"predecessor-version":[{"id":2973,"href":"https:\/\/www.ameliestudio.one\/Cursuri\/wp-json\/wp\/v2\/pages\/21\/revisions\/2973"}],"wp:attachment":[{"href":"https:\/\/www.ameliestudio.one\/Cursuri\/wp-json\/wp\/v2\/media?parent=21"}],"curies":[{"name":"wp","href":"https:\/\/api.w.org\/{rel}","templated":true}]}}