{"id":3336,"date":"2023-09-20T11:49:10","date_gmt":"2023-09-20T08:49:10","guid":{"rendered":"https:\/\/www.ameliestudio.one\/Cursuri\/?post_type=product&#038;p=3336"},"modified":"2023-09-20T11:49:10","modified_gmt":"2023-09-20T08:49:10","slug":"curs-cosmetica","status":"publish","type":"product","link":"https:\/\/www.ameliestudio.one\/Cursuri\/produs\/curs-cosmetica\/","title":{"rendered":"Curs Cosmetic\u0103"},"content":{"rendered":"<p>Frumuse\u021bea este o art\u0103, dar \u0219i o \u0219tiin\u021b\u0103, iar cursul de cosmetic\u0103 te va ghida \u00een aceast\u0103 c\u0103l\u0103torie fascinant\u0103!<br \/>\nAl\u0103turi de \ud835\udc7b\ud835\ude67\ud835\ude56\ud835\ude5e\ud835\ude63\ud835\ude5a\ud835\ude67\ud835\ude6a\ud835\ude61 \ud835\ude42\ud835\ude56\ud835\ude57\ud835\ude67\ud835\ude5e\ud835\ude5a\ud835\ude61\ud835\ude56 \ud835\ude4e\ud835\ude69\ud835\ude64\ud835\ude5e\ud835\ude56\ud835\ude63, vei urma mai multe module, iar la final vei ob\u021bine Diplom\u0103 de absolvire din partea Academiei.<\/p>\n<p><strong>PROGRAMA CURSULUI :<\/strong><\/p>\n<p>Modulul I \u2013 TIPURI DE TEN<br \/>\nRecunoa\u0219terea pielii cu afec\u021biuni dermatologice<br \/>\nIdentificarea tipurilor de ten<\/p>\n<p>Modulul II \u2013 EXECUTAREA TRATAMENTELOR COSMETICE<br \/>\nDemachiere<br \/>\nTonifiere<br \/>\nAnaliza tipului de ten<br \/>\nClasificarea tipurilor de ten<br \/>\nRecunoa\u0219terea pielii cu afec\u021biuni dermatologice<br \/>\nAnatomia \u0219i fiziologia pielii \u0219i a anexelor sale<br \/>\nLeziuni elementare \u00een dermatologie<br \/>\nFi\u0219a de client<br \/>\nStabilirea schemei de tratament \u0219i pa\u0219ii tratamentului<br \/>\nPreg\u0103tirea tenului pentru extrac\u021bii &#8211; metoda clasic\u0103 \u0219i modern\u0103<br \/>\nClasificarea produselor cu rol de exfoliere<br \/>\nExtrac\u021biile<br \/>\nConcentratele active<br \/>\nTipuri de m\u0103\u0219ti faciale &#8211; clasice, plastice, gipsate<br \/>\nExecutarea masajului facial<br \/>\nTenul uscat \u0219i terapiile de hidratare<br \/>\nTenul matur \u0219i terapiile anti-aging<br \/>\nTenul cu defecte de pigmentare \u0219i terapiile de albire<br \/>\nAparatur\u0103 \u2013 ultrasunetele, skin scrubber, galvanoderm, onoderm, electroderm, ciocan rece\/cald, vaporizator, vacuum<br \/>\nPeelingurile.<\/p>\n<p>Modulul III &#8211; EPILATUL<br \/>\nTipuri de cear\u0103<br \/>\nMateriale necesare epil\u0103rii cu cear\u0103<br \/>\nReguli generale ale epil\u0103rii<br \/>\nIndica\u021bii \u0219i contraindica\u021bii<br \/>\nRecomand\u0103ri post &#8211; epilare<\/p>\n<p>Modul IV &#8211; Epilare Definitiv\u0103<br \/>\nIndica\u021bii \u0219i contraindica\u021bii epilare definitiv\u0103<br \/>\nFazele de cre\u0219tere ale firelor de p\u0103r<br \/>\nStabilirea corect\u0103 a fototipului<br \/>\nTipuri de echipamente disponibile<br \/>\nPreg\u0103tirea clientei pentru procedur\u0103<br \/>\nMod de lucru LASER<br \/>\nRecomand\u0103ri post &#8211; procedur\u0103<br \/>\nAcordarea de asisten\u021b\u0103 post-epilare<\/p>\n<p>Modulul I &#8211; \u00ceNFRUMUSE\u021aAREA GENELOR \u0218I SPR NCENELOR<br \/>\nModificarea formei spr\u00e2ncenei prin pensare<br \/>\nStabilirea formei corecte \u00een func\u021bie de fizionomie<br \/>\nM\u0103surarea spr\u00e2ncenelor<br \/>\nTipuri de corec\u021bii<br \/>\nInstrumente necesare<br \/>\nTehnica<br \/>\nVopsirea genelor \u0219i spr\u00e2ncenelor<\/p>\n<p>Cursul de Cosmetic\u0103 integral cost\u0103 3000 lei<\/p>\n","protected":false},"excerpt":{"rendered":"<p>Frumuse\u021bea este o art\u0103, dar \u0219i o \u0219tiin\u021b\u0103, iar cursul de cosmetic\u0103 te va ghida \u00een aceast\u0103 c\u0103l\u0103torie fascinant\u0103! Al\u0103turi de \ud835\udc7b\ud835\ude67\ud835\ude56\ud835\ude5e\ud835\ude63\ud835\ude5a\ud835\ude67\ud835\ude6a\ud835\ude61 \ud835\ude42\ud835\ude56\ud835\ude57\ud835\ude67\ud835\ude5e\ud835\ude5a\ud835\ude61\ud835\ude56 \ud835\ude4e\ud835\ude69\ud835\ude64\ud835\ude5e\ud835\ude56\ud835\ude63, vei urma mai multe module, iar la final vei ob\u021bine Diplom\u0103 de absolvire din partea Academiei. PROGRAMA CURSULUI : Modulul I \u2013 TIPURI DE TEN Recunoa\u0219terea pielii cu afec\u021biuni dermatologice Identificarea [&hellip;]<\/p>\n","protected":false},"featured_media":3337,"comment_status":"open","ping_status":"closed","template":"","meta":{"_exactmetrics_skip_tracking":false,"_exactmetrics_sitenote_active":false,"_exactmetrics_sitenote_note":"","_exactmetrics_sitenote_category":0},"product_brand":[],"product_cat":[45],"product_tag":[],"class_list":{"0":"post-3336","1":"product","2":"type-product","3":"status-publish","4":"has-post-thumbnail","6":"product_cat-cursuri","8":"first","9":"instock","10":"taxable","11":"shipping-taxable","12":"purchasable","13":"product-type-simple"},"_links":{"self":[{"href":"https:\/\/www.ameliestudio.one\/Cursuri\/wp-json\/wp\/v2\/product\/3336","targetHints":{"allow":["GET"]}}],"collection":[{"href":"https:\/\/www.ameliestudio.one\/Cursuri\/wp-json\/wp\/v2\/product"}],"about":[{"href":"https:\/\/www.ameliestudio.one\/Cursuri\/wp-json\/wp\/v2\/types\/product"}],"replies":[{"embeddable":true,"href":"https:\/\/www.ameliestudio.one\/Cursuri\/wp-json\/wp\/v2\/comments?post=3336"}],"wp:featuredmedia":[{"embeddable":true,"href":"https:\/\/www.ameliestudio.one\/Cursuri\/wp-json\/wp\/v2\/media\/3337"}],"wp:attachment":[{"href":"https:\/\/www.ameliestudio.one\/Cursuri\/wp-json\/wp\/v2\/media?parent=3336"}],"wp:term":[{"taxonomy":"product_brand","embeddable":true,"href":"https:\/\/www.ameliestudio.one\/Cursuri\/wp-json\/wp\/v2\/product_brand?post=3336"},{"taxonomy":"product_cat","embeddable":true,"href":"https:\/\/www.ameliestudio.one\/Cursuri\/wp-json\/wp\/v2\/product_cat?post=3336"},{"taxonomy":"product_tag","embeddable":true,"href":"https:\/\/www.ameliestudio.one\/Cursuri\/wp-json\/wp\/v2\/product_tag?post=3336"}],"curies":[{"name":"wp","href":"https:\/\/api.w.org\/{rel}","templated":true}]}}